{"id":1048,"date":"2020-10-03T09:46:36","date_gmt":"2020-10-03T09:46:36","guid":{"rendered":"http:\/\/akkeconomy.cz\/?page_id=1048"},"modified":"2020-10-03T09:46:38","modified_gmt":"2020-10-03T09:46:38","slug":"spam-seznam-cz","status":"publish","type":"page","link":"https:\/\/akkeconomy.cz\/?page_id=1048","title":{"rendered":"Spam seznam.cz"},"content":{"rendered":"<p>Zde je n\u00e1vod jak si nastavit na\u0161e e-mailov\u00e9 adresy jako d\u016fv\u011bryhodn\u00e9.<\/p>\n<p>1. Klikn\u011bte na Nastaven\u00ed (ozuben\u00e9 kole\u010dko)<\/p>\n<p><a href=\"http:\/\/akkeconomy.cz\/wp-content\/uploads\/2020\/10\/seznam-spam1.jpg\"><img loading=\"lazy\" decoding=\"async\" class=\"alignnone size-medium wp-image-1047\" src=\"http:\/\/akkeconomy.cz\/wp-content\/uploads\/2020\/10\/seznam-spam1-300x186.jpg\" alt=\"\" width=\"300\" height=\"186\" srcset=\"https:\/\/akkeconomy.cz\/wp-content\/uploads\/2020\/10\/seznam-spam1-300x186.jpg 300w, https:\/\/akkeconomy.cz\/wp-content\/uploads\/2020\/10\/seznam-spam1-768x476.jpg 768w, https:\/\/akkeconomy.cz\/wp-content\/uploads\/2020\/10\/seznam-spam1.jpg 981w\" sizes=\"(max-width: 300px) 100vw, 300px\" \/><\/a><\/p>\n<p>2. Klin\u011bte v lev\u00e9m menu na polo\u017eku Spam<\/p>\n<p><a href=\"http:\/\/akkeconomy.cz\/wp-content\/uploads\/2020\/10\/seznam-spam2.jpg\"><img loading=\"lazy\" decoding=\"async\" class=\"alignnone size-medium wp-image-1046\" src=\"http:\/\/akkeconomy.cz\/wp-content\/uploads\/2020\/10\/seznam-spam2-109x300.jpg\" alt=\"\" width=\"109\" height=\"300\" srcset=\"https:\/\/akkeconomy.cz\/wp-content\/uploads\/2020\/10\/seznam-spam2-109x300.jpg 109w, https:\/\/akkeconomy.cz\/wp-content\/uploads\/2020\/10\/seznam-spam2.jpg 203w\" sizes=\"(max-width: 109px) 100vw, 109px\" \/><\/a><\/p>\n<p>3. P\u0159idejte si na\u0161e e-mailov\u00e9 adresy jako d\u016fv\u011bryhodn\u00e9<\/p>\n<p><a href=\"http:\/\/akkeconomy.cz\/wp-content\/uploads\/2020\/10\/seznam-spam3.jpg\"><img loading=\"lazy\" decoding=\"async\" class=\"alignnone size-medium wp-image-1045\" src=\"http:\/\/akkeconomy.cz\/wp-content\/uploads\/2020\/10\/seznam-spam3-300x187.jpg\" alt=\"\" width=\"300\" height=\"187\" srcset=\"https:\/\/akkeconomy.cz\/wp-content\/uploads\/2020\/10\/seznam-spam3-300x187.jpg 300w, https:\/\/akkeconomy.cz\/wp-content\/uploads\/2020\/10\/seznam-spam3-768x479.jpg 768w, https:\/\/akkeconomy.cz\/wp-content\/uploads\/2020\/10\/seznam-spam3.jpg 972w\" sizes=\"(max-width: 300px) 100vw, 300px\" \/><\/a><\/p>\n","protected":false},"excerpt":{"rendered":"<p>Zde je n\u00e1vod jak si nastavit na\u0161e e-mailov\u00e9 adresy jako d\u016fv\u011bryhodn\u00e9. 1. Klikn\u011bte na Nastaven\u00ed (ozuben\u00e9 kole\u010dko) 2. Klin\u011bte v lev\u00e9m menu na polo\u017eku Spam 3. P\u0159idejte si na\u0161e e-mailov\u00e9 adresy jako d\u016fv\u011bryhodn\u00e9<\/p>\n","protected":false},"author":1,"featured_media":0,"parent":0,"menu_order":0,"comment_status":"closed","ping_status":"closed","template":"","meta":{"footnotes":""},"_links":{"self":[{"href":"https:\/\/akkeconomy.cz\/index.php?rest_route=\/wp\/v2\/pages\/1048"}],"collection":[{"href":"https:\/\/akkeconomy.cz\/index.php?rest_route=\/wp\/v2\/pages"}],"about":[{"href":"https:\/\/akkeconomy.cz\/index.php?rest_route=\/wp\/v2\/types\/page"}],"author":[{"embeddable":true,"href":"https:\/\/akkeconomy.cz\/index.php?rest_route=\/wp\/v2\/users\/1"}],"replies":[{"embeddable":true,"href":"https:\/\/akkeconomy.cz\/index.php?rest_route=%2Fwp%2Fv2%2Fcomments&post=1048"}],"version-history":[{"count":1,"href":"https:\/\/akkeconomy.cz\/index.php?rest_route=\/wp\/v2\/pages\/1048\/revisions"}],"predecessor-version":[{"id":1049,"href":"https:\/\/akkeconomy.cz\/index.php?rest_route=\/wp\/v2\/pages\/1048\/revisions\/1049"}],"wp:attachment":[{"href":"https:\/\/akkeconomy.cz\/index.php?rest_route=%2Fwp%2Fv2%2Fmedia&parent=1048"}],"curies":[{"name":"wp","href":"https:\/\/api.w.org\/{rel}","templated":true}]}}