{"id":12,"date":"2013-09-23T10:02:46","date_gmt":"2013-09-23T10:02:46","guid":{"rendered":"http:\/\/akkeconomy.cz\/?page_id=12"},"modified":"2020-01-17T12:25:36","modified_gmt":"2020-01-17T12:25:36","slug":"dane","status":"publish","type":"page","link":"https:\/\/akkeconomy.cz\/?page_id=12","title":{"rendered":"Dan\u011b"},"content":{"rendered":"<ul>\n<li>mo\u017enost uplatnit odpo\u010det DPH a povinnost odv\u00e9st DPH<\/li>\n<li>zpracov\u00e1n\u00ed da\u0148ov\u00e9ho p\u0159izn\u00e1n\u00ed \u2013 DPH, v\u010d. kontroln\u00edho hl\u00e1\u0161en\u00ed<\/li>\n<li>zpracov\u00e1n\u00ed da\u0148ov\u00e9ho p\u0159izn\u00e1n\u00ed \u2013 da\u0148 z&nbsp;p\u0159\u00edjmu fyzick\u00fdch osob<\/li>\n<li>zpracov\u00e1n\u00ed da\u0148ov\u00e9ho p\u0159izn\u00e1n\u00ed \u2013 da\u0148 z&nbsp;p\u0159\u00edjmu pr\u00e1vnick\u00fdch osob<\/li>\n<li>zpracov\u00e1n\u00ed ostatn\u00edch da\u0148ov\u00fdch p\u0159izn\u00e1n\u00ed (da\u0148 silni\u010dn\u00ed, da\u0148 z nabyt\u00ed nemovit\u00fdch v\u011bc\u00ed apod.)<\/li>\n<li>da\u0148ov\u00e1 evidence<\/li>\n<li>zastupov\u00e1n\u00ed p\u0159ed finan\u010dn\u00edmi \u00fa\u0159ady<\/li>\n<\/ul>\n","protected":false},"excerpt":{"rendered":"<p>mo\u017enost uplatnit odpo\u010det DPH a povinnost odv\u00e9st DPH zpracov\u00e1n\u00ed da\u0148ov\u00e9ho p\u0159izn\u00e1n\u00ed \u2013 DPH, v\u010d. kontroln\u00edho hl\u00e1\u0161en\u00ed zpracov\u00e1n\u00ed da\u0148ov\u00e9ho p\u0159izn\u00e1n\u00ed \u2013 da\u0148 z&nbsp;p\u0159\u00edjmu fyzick\u00fdch osob zpracov\u00e1n\u00ed da\u0148ov\u00e9ho p\u0159izn\u00e1n\u00ed \u2013 da\u0148 z&nbsp;p\u0159\u00edjmu pr\u00e1vnick\u00fdch osob zpracov\u00e1n\u00ed ostatn\u00edch da\u0148ov\u00fdch p\u0159izn\u00e1n\u00ed (da\u0148 silni\u010dn\u00ed, da\u0148 z nabyt\u00ed nemovit\u00fdch v\u011bc\u00ed apod.) da\u0148ov\u00e1 evidence zastupov\u00e1n\u00ed p\u0159ed finan\u010dn\u00edmi \u00fa\u0159ady<\/p>\n","protected":false},"author":1,"featured_media":0,"parent":10,"menu_order":0,"comment_status":"closed","ping_status":"open","template":"","meta":{"footnotes":""},"_links":{"self":[{"href":"https:\/\/akkeconomy.cz\/index.php?rest_route=\/wp\/v2\/pages\/12"}],"collection":[{"href":"https:\/\/akkeconomy.cz\/index.php?rest_route=\/wp\/v2\/pages"}],"about":[{"href":"https:\/\/akkeconomy.cz\/index.php?rest_route=\/wp\/v2\/types\/page"}],"author":[{"embeddable":true,"href":"https:\/\/akkeconomy.cz\/index.php?rest_route=\/wp\/v2\/users\/1"}],"replies":[{"embeddable":true,"href":"https:\/\/akkeconomy.cz\/index.php?rest_route=%2Fwp%2Fv2%2Fcomments&post=12"}],"version-history":[{"count":1,"href":"https:\/\/akkeconomy.cz\/index.php?rest_route=\/wp\/v2\/pages\/12\/revisions"}],"predecessor-version":[{"id":865,"href":"https:\/\/akkeconomy.cz\/index.php?rest_route=\/wp\/v2\/pages\/12\/revisions\/865"}],"up":[{"embeddable":true,"href":"https:\/\/akkeconomy.cz\/index.php?rest_route=\/wp\/v2\/pages\/10"}],"wp:attachment":[{"href":"https:\/\/akkeconomy.cz\/index.php?rest_route=%2Fwp%2Fv2%2Fmedia&parent=12"}],"curies":[{"name":"wp","href":"https:\/\/api.w.org\/{rel}","templated":true}]}}