{"id":16,"date":"2013-09-23T10:04:01","date_gmt":"2013-09-23T10:04:01","guid":{"rendered":"http:\/\/akkeconomy.cz\/?page_id=16"},"modified":"2020-01-17T12:24:21","modified_gmt":"2020-01-17T12:24:21","slug":"ostatni-sluzby","status":"publish","type":"page","link":"https:\/\/akkeconomy.cz\/?page_id=16","title":{"rendered":"Ostatn\u00ed slu\u017eby"},"content":{"rendered":"<ul>\n<li>n\u00e1vrhy a zpracov\u00e1n\u00ed vnit\u0159n\u00edch p\u0159edpis\u016f<\/li>\n<li>poradenstv\u00ed \u010di zaji\u0161t\u011bn\u00ed spr\u00e1vy majetku<\/li>\n<li>poradenstv\u00ed p\u0159i realizaci investi\u010dn\u00ed v\u00fdstavby<\/li>\n<li>p\u0159\u00edprava podklad\u016f pro p\u0159ezkoum\u00e1n\u00ed hospoda\u0159en\u00ed&nbsp; \u00daSC<\/li>\n<li>sestavov\u00e1n\u00ed podklad\u016f pro dota\u010dn\u00ed tituly<\/li>\n<li>finan\u010dn\u00ed \u010di celkov\u00fd audit prost\u0159edk\u016f EU<\/li>\n<li>marketing a propagace<\/li>\n<li>racionalizace v\u00fddaj\u016f a zdrav\u00e9 hospoda\u0159en\u00ed<\/li>\n<li>slu\u017eby a poradenstv\u00ed v oblasti IT (webov\u00e9 str\u00e1nky, elektronick\u00e1 spisov\u00e1 slu\u017eba, elektronick\u00e1 \u00fa\u0159edn\u00ed deska,&nbsp;hardware, software apod.)<\/li>\n<\/ul>\n","protected":false},"excerpt":{"rendered":"<p>n\u00e1vrhy a zpracov\u00e1n\u00ed vnit\u0159n\u00edch p\u0159edpis\u016f poradenstv\u00ed \u010di zaji\u0161t\u011bn\u00ed spr\u00e1vy majetku poradenstv\u00ed p\u0159i realizaci investi\u010dn\u00ed v\u00fdstavby p\u0159\u00edprava podklad\u016f pro p\u0159ezkoum\u00e1n\u00ed hospoda\u0159en\u00ed&nbsp; \u00daSC sestavov\u00e1n\u00ed podklad\u016f pro dota\u010dn\u00ed tituly finan\u010dn\u00ed \u010di celkov\u00fd audit prost\u0159edk\u016f EU marketing a propagace racionalizace v\u00fddaj\u016f a zdrav\u00e9 hospoda\u0159en\u00ed slu\u017eby a poradenstv\u00ed v oblasti IT (webov\u00e9 str\u00e1nky, elektronick\u00e1 spisov\u00e1 slu\u017eba, elektronick\u00e1 \u00fa\u0159edn\u00ed deska,&nbsp;hardware, software [&hellip;]<\/p>\n","protected":false},"author":1,"featured_media":0,"parent":10,"menu_order":0,"comment_status":"closed","ping_status":"open","template":"","meta":{"footnotes":""},"_links":{"self":[{"href":"https:\/\/akkeconomy.cz\/index.php?rest_route=\/wp\/v2\/pages\/16"}],"collection":[{"href":"https:\/\/akkeconomy.cz\/index.php?rest_route=\/wp\/v2\/pages"}],"about":[{"href":"https:\/\/akkeconomy.cz\/index.php?rest_route=\/wp\/v2\/types\/page"}],"author":[{"embeddable":true,"href":"https:\/\/akkeconomy.cz\/index.php?rest_route=\/wp\/v2\/users\/1"}],"replies":[{"embeddable":true,"href":"https:\/\/akkeconomy.cz\/index.php?rest_route=%2Fwp%2Fv2%2Fcomments&post=16"}],"version-history":[{"count":1,"href":"https:\/\/akkeconomy.cz\/index.php?rest_route=\/wp\/v2\/pages\/16\/revisions"}],"predecessor-version":[{"id":862,"href":"https:\/\/akkeconomy.cz\/index.php?rest_route=\/wp\/v2\/pages\/16\/revisions\/862"}],"up":[{"embeddable":true,"href":"https:\/\/akkeconomy.cz\/index.php?rest_route=\/wp\/v2\/pages\/10"}],"wp:attachment":[{"href":"https:\/\/akkeconomy.cz\/index.php?rest_route=%2Fwp%2Fv2%2Fmedia&parent=16"}],"curies":[{"name":"wp","href":"https:\/\/api.w.org\/{rel}","templated":true}]}}