{"id":18,"date":"2013-09-23T10:04:40","date_gmt":"2013-09-23T10:04:40","guid":{"rendered":"http:\/\/akkeconomy.cz\/?page_id=18"},"modified":"2020-01-17T12:23:44","modified_gmt":"2020-01-17T12:23:44","slug":"poradenstvi","status":"publish","type":"page","link":"https:\/\/akkeconomy.cz\/?page_id=18","title":{"rendered":"Poradenstv\u00ed"},"content":{"rendered":"<p>Specializujeme se na poradenstv\u00ed pro ve\u0159ejn\u00fd sektor (obce, m\u011bsta, p\u0159\u00edsp\u011bvkov\u00e9 organizace) v oblasti \u00fa\u010detnictv\u00ed, rozpo\u010dt\u016f, dan\u00ed, vnit\u0159n\u00edho kontroln\u00edho syst\u00e9mu apod.<\/p>\n<p>V&nbsp;oblasti \u00fa\u010detn\u00edho poradenstv\u00ed se p\u0159edev\u0161\u00edm zam\u011b\u0159ujeme na:<\/p>\n<ul>\n<li>prov\u011b\u0159en\u00ed \u00fa\u010detnictv\u00ed v\u010d. p\u0159\u00edpravy na kontrolu hospoda\u0159en\u00ed<\/li>\n<li>metodick\u00e1 pomoc p\u0159i za\u00fa\u010dtov\u00e1n\u00ed jednotliv\u00fdch p\u0159\u00edpad\u016f<\/li>\n<li>kontrola v\u00fdkaznictv\u00ed (rozvaha, FIN 2- 12 M a dal\u0161\u00ed)<\/li>\n<li>pr\u016fb\u011b\u017en\u00e9 \u010di jednor\u00e1zov\u00e9 kontroly \u00fa\u010detn\u00edch postup\u016f<\/li>\n<li>metodick\u00e1 pomoc p\u0159i zpracov\u00e1n\u00ed a prov\u00e1d\u011bn\u00ed inventarizace<\/li>\n<li>metodick\u00e1 pomoc p\u0159i evidenci a odpisov\u00e1n\u00ed majetku<\/li>\n<li>informace o nov\u00e9 legislativ\u011b<\/li>\n<\/ul>\n<p>V&nbsp;oblasti rozpo\u010dtov\u00e9ho poradenstv\u00ed se p\u0159edev\u0161\u00edm zam\u011b\u0159ujeme na:<\/p>\n<ul>\n<li>metodickou pomoc p\u0159i zpracov\u00e1n\u00ed n\u00e1vrhu rozpo\u010dtu<\/li>\n<li>metodickou pomoc p\u0159i zpracov\u00e1n\u00ed rozpo\u010dtov\u00e9ho v\u00fdhledu<\/li>\n<li>anal\u00fdzu \u010derp\u00e1n\u00ed a napl\u0148ov\u00e1n\u00ed rozpo\u010dtu<\/li>\n<\/ul>\n<p>V&nbsp;oblasti da\u0148ov\u00e9ho poradenstv\u00ed se p\u0159edev\u0161\u00edm zam\u011b\u0159ujeme na:<\/p>\n<ul>\n<li>poradenstv\u00ed v oblasti DPH<\/li>\n<li>poradenstv\u00ed v oblasti dan\u011b z p\u0159\u00edjm\u016f<\/li>\n<\/ul>\n","protected":false},"excerpt":{"rendered":"<p>Specializujeme se na poradenstv\u00ed pro ve\u0159ejn\u00fd sektor (obce, m\u011bsta, p\u0159\u00edsp\u011bvkov\u00e9 organizace) v oblasti \u00fa\u010detnictv\u00ed, rozpo\u010dt\u016f, dan\u00ed, vnit\u0159n\u00edho kontroln\u00edho syst\u00e9mu apod. V&nbsp;oblasti \u00fa\u010detn\u00edho poradenstv\u00ed se p\u0159edev\u0161\u00edm zam\u011b\u0159ujeme na: prov\u011b\u0159en\u00ed \u00fa\u010detnictv\u00ed v\u010d. p\u0159\u00edpravy na kontrolu hospoda\u0159en\u00ed metodick\u00e1 pomoc p\u0159i za\u00fa\u010dtov\u00e1n\u00ed jednotliv\u00fdch p\u0159\u00edpad\u016f kontrola v\u00fdkaznictv\u00ed (rozvaha, FIN 2- 12 M a dal\u0161\u00ed) pr\u016fb\u011b\u017en\u00e9 \u010di jednor\u00e1zov\u00e9 kontroly \u00fa\u010detn\u00edch postup\u016f [&hellip;]<\/p>\n","protected":false},"author":1,"featured_media":48,"parent":10,"menu_order":0,"comment_status":"closed","ping_status":"open","template":"","meta":{"footnotes":""},"_links":{"self":[{"href":"https:\/\/akkeconomy.cz\/index.php?rest_route=\/wp\/v2\/pages\/18"}],"collection":[{"href":"https:\/\/akkeconomy.cz\/index.php?rest_route=\/wp\/v2\/pages"}],"about":[{"href":"https:\/\/akkeconomy.cz\/index.php?rest_route=\/wp\/v2\/types\/page"}],"author":[{"embeddable":true,"href":"https:\/\/akkeconomy.cz\/index.php?rest_route=\/wp\/v2\/users\/1"}],"replies":[{"embeddable":true,"href":"https:\/\/akkeconomy.cz\/index.php?rest_route=%2Fwp%2Fv2%2Fcomments&post=18"}],"version-history":[{"count":2,"href":"https:\/\/akkeconomy.cz\/index.php?rest_route=\/wp\/v2\/pages\/18\/revisions"}],"predecessor-version":[{"id":861,"href":"https:\/\/akkeconomy.cz\/index.php?rest_route=\/wp\/v2\/pages\/18\/revisions\/861"}],"up":[{"embeddable":true,"href":"https:\/\/akkeconomy.cz\/index.php?rest_route=\/wp\/v2\/pages\/10"}],"wp:featuredmedia":[{"embeddable":true,"href":"https:\/\/akkeconomy.cz\/index.php?rest_route=\/wp\/v2\/media\/48"}],"wp:attachment":[{"href":"https:\/\/akkeconomy.cz\/index.php?rest_route=%2Fwp%2Fv2%2Fmedia&parent=18"}],"curies":[{"name":"wp","href":"https:\/\/api.w.org\/{rel}","templated":true}]}}