{"id":22,"date":"2013-09-23T10:07:35","date_gmt":"2013-09-23T10:07:35","guid":{"rendered":"http:\/\/akkeconomy.cz\/?page_id=22"},"modified":"2020-01-17T12:22:52","modified_gmt":"2020-01-17T12:22:52","slug":"ucetnictvi-a-rozpocet","status":"publish","type":"page","link":"https:\/\/akkeconomy.cz\/?page_id=22","title":{"rendered":"\u00da\u010detnictv\u00ed a rozpo\u010det"},"content":{"rendered":"<p>Zam\u011b\u0159ujeme se na veden\u00ed \u00fa\u010detnictv\u00ed, sestavov\u00e1n\u00ed rozpo\u010dt\u016f, n\u00e1vrhy rozpo\u010dtov\u00fdch opat\u0159en\u00ed, majetkovou evidenci apod. pro ve\u0159ejn\u00fd sektor, tedy obce, m\u011bsta, p\u0159\u00edsp\u011bvkov\u00e9 a dal\u0161\u00ed neziskov\u00e9 organizace.<\/p>\n<ul>\n<li>veden\u00ed \u00fa\u010detnictv\u00ed<\/li>\n<li>fakturace<\/li>\n<li>n\u00e1vrh a anal\u00fdza rozpo\u010dtu<\/li>\n<li>rozpo\u010dtov\u00fd v\u00fdhled<\/li>\n<li>vnit\u0159n\u00ed kontroln\u00ed syst\u00e9m<\/li>\n<li>ekonomick\u00e9 rozbory<\/li>\n<li>mana\u017eersk\u00e9 \u00fa\u010detnictv\u00ed (p\u0159ehledy pro starosty)<\/li>\n<li>odes\u00edl\u00e1n\u00ed v\u00fdkaznictv\u00ed na p\u0159\u00edslu\u0161n\u00e9 instituce<\/li>\n<li>majetkov\u00e1 evidence<\/li>\n<li>p\u0159ehledn\u00e1 administrativn\u00ed evidence<\/li>\n<li>rekonstrukce \u00fa\u010detnictv\u00ed<\/li>\n<\/ul>\n","protected":false},"excerpt":{"rendered":"<p>Zam\u011b\u0159ujeme se na veden\u00ed \u00fa\u010detnictv\u00ed, sestavov\u00e1n\u00ed rozpo\u010dt\u016f, n\u00e1vrhy rozpo\u010dtov\u00fdch opat\u0159en\u00ed, majetkovou evidenci apod. pro ve\u0159ejn\u00fd sektor, tedy obce, m\u011bsta, p\u0159\u00edsp\u011bvkov\u00e9 a dal\u0161\u00ed neziskov\u00e9 organizace. veden\u00ed \u00fa\u010detnictv\u00ed fakturace n\u00e1vrh a anal\u00fdza rozpo\u010dtu rozpo\u010dtov\u00fd v\u00fdhled vnit\u0159n\u00ed kontroln\u00ed syst\u00e9m ekonomick\u00e9 rozbory mana\u017eersk\u00e9 \u00fa\u010detnictv\u00ed (p\u0159ehledy pro starosty) odes\u00edl\u00e1n\u00ed v\u00fdkaznictv\u00ed na p\u0159\u00edslu\u0161n\u00e9 instituce majetkov\u00e1 evidence p\u0159ehledn\u00e1 administrativn\u00ed evidence rekonstrukce \u00fa\u010detnictv\u00ed<\/p>\n","protected":false},"author":1,"featured_media":49,"parent":10,"menu_order":0,"comment_status":"closed","ping_status":"open","template":"","meta":{"footnotes":""},"_links":{"self":[{"href":"https:\/\/akkeconomy.cz\/index.php?rest_route=\/wp\/v2\/pages\/22"}],"collection":[{"href":"https:\/\/akkeconomy.cz\/index.php?rest_route=\/wp\/v2\/pages"}],"about":[{"href":"https:\/\/akkeconomy.cz\/index.php?rest_route=\/wp\/v2\/types\/page"}],"author":[{"embeddable":true,"href":"https:\/\/akkeconomy.cz\/index.php?rest_route=\/wp\/v2\/users\/1"}],"replies":[{"embeddable":true,"href":"https:\/\/akkeconomy.cz\/index.php?rest_route=%2Fwp%2Fv2%2Fcomments&post=22"}],"version-history":[{"count":2,"href":"https:\/\/akkeconomy.cz\/index.php?rest_route=\/wp\/v2\/pages\/22\/revisions"}],"predecessor-version":[{"id":400,"href":"https:\/\/akkeconomy.cz\/index.php?rest_route=\/wp\/v2\/pages\/22\/revisions\/400"}],"up":[{"embeddable":true,"href":"https:\/\/akkeconomy.cz\/index.php?rest_route=\/wp\/v2\/pages\/10"}],"wp:featuredmedia":[{"embeddable":true,"href":"https:\/\/akkeconomy.cz\/index.php?rest_route=\/wp\/v2\/media\/49"}],"wp:attachment":[{"href":"https:\/\/akkeconomy.cz\/index.php?rest_route=%2Fwp%2Fv2%2Fmedia&parent=22"}],"curies":[{"name":"wp","href":"https:\/\/api.w.org\/{rel}","templated":true}]}}