{"id":24,"date":"2013-09-23T10:07:56","date_gmt":"2013-09-23T10:07:56","guid":{"rendered":"http:\/\/akkeconomy.cz\/?page_id=24"},"modified":"2020-01-17T12:25:09","modified_gmt":"2020-01-17T12:25:09","slug":"znalecke-posudky","status":"publish","type":"page","link":"https:\/\/akkeconomy.cz\/?page_id=24","title":{"rendered":"Majetek"},"content":{"rendered":"<p style=\"text-align: justify;\" align=\"center\"><strong>Prov\u00e1d\u00edme ocen\u011bn\u00ed movit\u00e9ho i nemovit\u00e9ho majetku re\u00e1lnou hodnotou.<\/strong><\/p>\n<p style=\"text-align: justify;\" align=\"center\">Jedn\u00e1 se o speci\u00e1ln\u00ed produkt, zpracovan\u00fd pr\u00e1v\u011b pro obce a p\u0159\u00edsp\u011bvkov\u00e9 organizace, kdy odborn\u011b posoud\u00edme re\u00e1lnou hodnotu movit\u00e9ho i nemovit\u00e9ho majetku a vystav\u00edme o tomto posouzen\u00ed doklad.<\/p>\n<p align=\"center\">Vy pak u\u017e jen za\u00fa\u010dtujete! Nejedn\u00e1 se o drah\u00fd znaleck\u00fd posudek!<\/p>\n<p style=\"text-align: justify;\" align=\"center\">Ocen\u011bn\u00ed majetku re\u00e1lnou hodnotou, vy\u017eaduj\u00ed platn\u00e9 pr\u00e1vn\u00ed p\u0159edpisy p\u0159i prodeji \u010di sm\u011bn\u011b majetku. Nev\u00e1hejte n\u00e1s kontaktovat a usnadnit si ji\u017e tak slo\u017eit\u00fd syst\u00e9m \u00fa\u010dtov\u00e1n\u00ed.<\/p>\n<p style=\"text-align: justify;\" align=\"center\"><strong>V&nbsp;p\u0159\u00edpad\u011b pot\u0159eby zpracov\u00e1v\u00e1me i znaleck\u00e9 posudky v oblasti ekonomika<br \/>\na stavby &#8211; oce\u0148ov\u00e1n\u00ed nemovitost\u00ed.<\/strong><\/p>\n<p style=\"text-align: justify;\">Na\u0161i renomovan\u00ed odborn\u00edci s&nbsp;dlouholetou prax\u00ed zaru\u010duj\u00ed to nejlep\u0161\u00ed mo\u017en\u00e9 \u0159e\u0161en\u00ed Va\u0161eho po\u017eadavku.<\/p>\n<p style=\"text-align: center;\">R\u00e1di Va\u0161e probl\u00e9my vy\u0159e\u0161\u00edme za V\u00e1s!<\/p>\n","protected":false},"excerpt":{"rendered":"<p>Prov\u00e1d\u00edme ocen\u011bn\u00ed movit\u00e9ho i nemovit\u00e9ho majetku re\u00e1lnou hodnotou. Jedn\u00e1 se o speci\u00e1ln\u00ed produkt, zpracovan\u00fd pr\u00e1v\u011b pro obce a p\u0159\u00edsp\u011bvkov\u00e9 organizace, kdy odborn\u011b posoud\u00edme re\u00e1lnou hodnotu movit\u00e9ho i nemovit\u00e9ho majetku a vystav\u00edme o tomto posouzen\u00ed doklad. Vy pak u\u017e jen za\u00fa\u010dtujete! Nejedn\u00e1 se o drah\u00fd znaleck\u00fd posudek! Ocen\u011bn\u00ed majetku re\u00e1lnou hodnotou, vy\u017eaduj\u00ed platn\u00e9 pr\u00e1vn\u00ed p\u0159edpisy p\u0159i [&hellip;]<\/p>\n","protected":false},"author":1,"featured_media":48,"parent":10,"menu_order":0,"comment_status":"closed","ping_status":"open","template":"","meta":{"footnotes":""},"_links":{"self":[{"href":"https:\/\/akkeconomy.cz\/index.php?rest_route=\/wp\/v2\/pages\/24"}],"collection":[{"href":"https:\/\/akkeconomy.cz\/index.php?rest_route=\/wp\/v2\/pages"}],"about":[{"href":"https:\/\/akkeconomy.cz\/index.php?rest_route=\/wp\/v2\/types\/page"}],"author":[{"embeddable":true,"href":"https:\/\/akkeconomy.cz\/index.php?rest_route=\/wp\/v2\/users\/1"}],"replies":[{"embeddable":true,"href":"https:\/\/akkeconomy.cz\/index.php?rest_route=%2Fwp%2Fv2%2Fcomments&post=24"}],"version-history":[{"count":1,"href":"https:\/\/akkeconomy.cz\/index.php?rest_route=\/wp\/v2\/pages\/24\/revisions"}],"predecessor-version":[{"id":864,"href":"https:\/\/akkeconomy.cz\/index.php?rest_route=\/wp\/v2\/pages\/24\/revisions\/864"}],"up":[{"embeddable":true,"href":"https:\/\/akkeconomy.cz\/index.php?rest_route=\/wp\/v2\/pages\/10"}],"wp:featuredmedia":[{"embeddable":true,"href":"https:\/\/akkeconomy.cz\/index.php?rest_route=\/wp\/v2\/media\/48"}],"wp:attachment":[{"href":"https:\/\/akkeconomy.cz\/index.php?rest_route=%2Fwp%2Fv2%2Fmedia&parent=24"}],"curies":[{"name":"wp","href":"https:\/\/api.w.org\/{rel}","templated":true}]}}