{"id":297,"date":"2015-04-23T03:56:21","date_gmt":"2015-04-23T03:56:21","guid":{"rendered":"http:\/\/akkeconomy.cz\/?page_id=297"},"modified":"2020-01-17T12:20:58","modified_gmt":"2020-01-17T12:20:58","slug":"partneri","status":"publish","type":"page","link":"https:\/\/akkeconomy.cz\/?page_id=297","title":{"rendered":"Partne\u0159i"},"content":{"rendered":"<p><a href=\"http:\/\/www.helios.eu\/\"><img loading=\"lazy\" decoding=\"async\" class=\" size-medium wp-image-300 aligncenter\" src=\"http:\/\/akkeconomy.cz\/wp-content\/uploads\/2015\/04\/Helios-logo-300x75.png\" alt=\"Helios-logo\" width=\"300\" height=\"75\" srcset=\"https:\/\/akkeconomy.cz\/wp-content\/uploads\/2015\/04\/Helios-logo-300x75.png 300w, https:\/\/akkeconomy.cz\/wp-content\/uploads\/2015\/04\/Helios-logo-1024x257.png 1024w\" sizes=\"(max-width: 300px) 100vw, 300px\" \/><\/a><\/p>\n<p>&nbsp;<\/p>\n<p><strong>Fenix &#8211; ekonomick\u00fd software pro ve\u0159ejnou spr\u00e1vu<\/strong><\/p>\n<p>\u0158e\u0161en\u00ed pro ve\u0159ejnou spr\u00e1vu (obce, p\u0159\u00edsp\u011bvkov\u00e9 organizace a ostatn\u00ed neziskov\u00e9 organizace) je ojedin\u011bl\u00e9 rozs\u00e1hl\u00fdm po\u010dtem modul\u016f, kter\u00e9 jsou vz\u00e1jemn\u011b integrovan\u00e9. Snadno se p\u0159izp\u016fsob\u00ed pot\u0159eb\u00e1m r\u016fzn\u00fdm typ\u016fm organizac\u00ed.<\/p>\n","protected":false},"excerpt":{"rendered":"<p>&nbsp; Fenix &#8211; ekonomick\u00fd software pro ve\u0159ejnou spr\u00e1vu \u0158e\u0161en\u00ed pro ve\u0159ejnou spr\u00e1vu (obce, p\u0159\u00edsp\u011bvkov\u00e9 organizace a ostatn\u00ed neziskov\u00e9 organizace) je ojedin\u011bl\u00e9 rozs\u00e1hl\u00fdm po\u010dtem modul\u016f, kter\u00e9 jsou vz\u00e1jemn\u011b integrovan\u00e9. Snadno se p\u0159izp\u016fsob\u00ed pot\u0159eb\u00e1m r\u016fzn\u00fdm typ\u016fm organizac\u00ed.<\/p>\n","protected":false},"author":1,"featured_media":0,"parent":0,"menu_order":0,"comment_status":"closed","ping_status":"open","template":"","meta":{"footnotes":""},"_links":{"self":[{"href":"https:\/\/akkeconomy.cz\/index.php?rest_route=\/wp\/v2\/pages\/297"}],"collection":[{"href":"https:\/\/akkeconomy.cz\/index.php?rest_route=\/wp\/v2\/pages"}],"about":[{"href":"https:\/\/akkeconomy.cz\/index.php?rest_route=\/wp\/v2\/types\/page"}],"author":[{"embeddable":true,"href":"https:\/\/akkeconomy.cz\/index.php?rest_route=\/wp\/v2\/users\/1"}],"replies":[{"embeddable":true,"href":"https:\/\/akkeconomy.cz\/index.php?rest_route=%2Fwp%2Fv2%2Fcomments&post=297"}],"version-history":[{"count":1,"href":"https:\/\/akkeconomy.cz\/index.php?rest_route=\/wp\/v2\/pages\/297\/revisions"}],"predecessor-version":[{"id":857,"href":"https:\/\/akkeconomy.cz\/index.php?rest_route=\/wp\/v2\/pages\/297\/revisions\/857"}],"wp:attachment":[{"href":"https:\/\/akkeconomy.cz\/index.php?rest_route=%2Fwp%2Fv2%2Fmedia&parent=297"}],"curies":[{"name":"wp","href":"https:\/\/api.w.org\/{rel}","templated":true}]}}