{"id":30,"date":"2013-09-23T10:09:06","date_gmt":"2013-09-23T10:09:06","guid":{"rendered":"http:\/\/akkeconomy.cz\/?page_id=30"},"modified":"2024-08-28T14:31:03","modified_gmt":"2024-08-28T14:31:03","slug":"odkazy","status":"publish","type":"page","link":"https:\/\/akkeconomy.cz\/?page_id=30","title":{"rendered":"Odkazy"},"content":{"rendered":"<table>\n<tbody>\n<tr>\n<td width=\"50%\"><strong>Da\u0148ov\u00e9 a \u00fa\u010detn\u00ed informace:<\/strong><br \/>\n<a href=\"https:\/\/www.mfcr.cz\/cs\/dane-a-ucetnictvi\/ucetnictvi-a-ucetnictvi-statu\/ucetni-reforma-verejnych-financi-ucetnic\" target=\"_blank\" rel=\"noopener noreferrer\">\u00da\u010detn\u00ed reforma ve\u0159ejn\u00fdch financ\u00ed MF\u010cR<\/a><br \/>\n<a href=\"https:\/\/www.mfcr.cz\/cs\/dane-a-ucetnictvi\/ucetnictvi-a-ucetnictvi-statu\" target=\"_blank\" rel=\"noopener noreferrer\">\u00da\u010detnictv\u00ed MF\u010cR<\/a><br \/>\n<a href=\"https:\/\/www.mfcr.cz\/cs\/dane-a-ucetnictvi\/ucetnictvi-a-ucetnictvi-statu\/ucetni-reforma-verejnych-financi-ucetnic\/pravni-predpisy\" target=\"_blank\" rel=\"noopener noreferrer\">Legislativa v \u00fa\u010detnictv\u00ed MF\u010cR<\/a><br \/>\n<a href=\"https:\/\/www.mfcr.cz\/cs\/dane-a-ucetnictvi\/ucetnictvi-a-ucetnictvi-statu\/ucetni-reforma-verejnych-financi-ucetnic\/metodicka-podpora\" target=\"_blank\" rel=\"noopener noreferrer\">Metodick\u00e1 podpora MF\u010cR<\/a><br \/>\n<a href=\"http:\/\/www.financnisprava.cz\/\" target=\"_blank\" rel=\"noopener noreferrer\">Finan\u010dn\u00ed spr\u00e1va<\/a><br \/>\n<a href=\"https:\/\/www.financnisprava.cz\/cs\/dane\/dane\/dan-z-pridane-hodnoty\" target=\"_blank\" rel=\"noopener noreferrer\">Finan\u010dn\u00ed spr\u00e1va &#8211; DPH<\/a><br \/>\n<a href=\"https:\/\/www.financnisprava.cz\/cs\/dane\" target=\"_blank\" rel=\"noopener noreferrer\">Dan\u011b MF\u010cR<\/a><br \/>\n<a href=\"http:\/\/www.formulare-ke-stazeni.cz\/\" target=\"_blank\" rel=\"noopener noreferrer\">Formul\u00e1\u0159e ke sta\u017een\u00ed<\/a><\/td>\n<td><strong>Ve\u0159ejn\u00e1 spr\u00e1va:<\/strong><br \/>\n<a href=\"https:\/\/www.statnisprava.cz\/rstsp\/redakce.nsf\/i\/home\" target=\"_blank\" rel=\"noopener noreferrer\">\u00da\u0159ady a instituce<\/a><br \/>\n<a href=\"https:\/\/www.mfcr.cz\/cs\/rozpoctova-politika\/rozpoctove-ramce-statisticke-informace\/verejny-sektor\" target=\"_blank\" rel=\"noopener noreferrer\">Ve\u0159ejn\u00fd sektor MF\u010cR<\/a><br \/>\n<a href=\"https:\/\/www.mfcr.cz\/cs\/kontrola-a-regulace\/rizeni-a-kontrola-verejnych-financi\/financni-kontrola\/metodicka-podpora-k-financni-kontrole\" target=\"_blank\" rel=\"noopener noreferrer\">Finan\u010dn\u00ed kontrola \u2013 Metodick\u00e9 pokyny<\/a><br \/>\n<a href=\"http:\/\/www.mfcr.cz\/cs\/legislativa\/financni-zpravodaj\" target=\"_blank\" rel=\"noopener noreferrer\">Finan\u010dn\u00ed zpravodaj MF\u010cR<\/a><br \/>\n<a href=\"http:\/\/www.mfcr.cz\/cs\/legislativa\/legislativni-dokumenty?t1_3=Vyhl%2526aacute%253b%25c5%25a1ka&amp;v1=&amp;v2=&amp;submit=Zobrazit+vybran%C3%A1+t%C3%A9mata\" target=\"_blank\" rel=\"noopener noreferrer\">Legislativa MF\u010cR<\/a><br \/>\n<a href=\"http:\/\/www.mfcr.cz\/cs\/legislativa\/zpravy-mf-pro-obce-a-kraje\" target=\"_blank\" rel=\"noopener noreferrer\">Zpr\u00e1vy MF\u010cR <\/a><br \/>\n<a href=\"https:\/\/www.mfcr.cz\/cs\/dane-a-ucetnictvi\/cestovni-nahrady\" target=\"_blank\" rel=\"noopener noreferrer\">Cestovn\u00ed n\u00e1hrady MF\u010cR<\/a><br \/>\n<a href=\"http:\/\/www.plzensky-kraj.cz\/\" target=\"_blank\" rel=\"noopener noreferrer\">Plze\u0148sk\u00fd kraj<\/a><\/td>\n<\/tr>\n<tr>\n<td><strong>Soci\u00e1ln\u00ed zabezpe\u010den\u00ed a zdravotn\u00ed poji\u0161t\u011bn\u00ed:<\/strong><br \/>\n<a href=\"https:\/\/www.mpsv.cz\/minimalni-mzda\" target=\"_blank\" rel=\"noopener noreferrer\">Minim\u00e1ln\u00ed mzda<\/a><br \/>\n<a href=\"https:\/\/www.mpsv.cz\/zivotni-a-existencni-minimum\" target=\"_blank\" rel=\"noopener noreferrer\">\u017divotn\u00ed minimum<\/a><br \/>\n<a href=\"http:\/\/www.cssz.cz\/cz\/tiskopisy\/\" target=\"_blank\" rel=\"noopener noreferrer\">\u010cSSZ \u2013 tiskopisy<\/a><br \/>\n<a href=\"https:\/\/www.cssz.cz\/duchody1\" target=\"_blank\" rel=\"noopener noreferrer\">D\u016fchodov\u00e9 poji\u0161t\u011bn\u00ed<\/a><br \/>\n<a href=\"http:\/\/www.cssz.cz\/cz\/nemocenske-pojisteni\/\" target=\"_blank\" rel=\"noopener noreferrer\">Nemocensk\u00e9 poji\u0161t\u011bn\u00ed<\/a><br \/>\n<a href=\"http:\/\/zdravotnipojistovny.blogspot.cz\/\" target=\"_blank\" rel=\"noopener noreferrer\">Seznam zdravotn\u00edch poji\u0161\u0165oven<\/a><\/td>\n<td><strong>Seznamy a datab\u00e1ze:<\/strong><br \/>\n<a href=\"https:\/\/ares.gov.cz\/\" target=\"_blank\" rel=\"noopener noreferrer\">ARES Administrativn\u00ed registr ekonomick\u00fdch subjekt\u016f<\/a><br \/>\n<a href=\"https:\/\/or.justice.cz\/ias\/ui\/rejstrik\" target=\"_blank\" rel=\"noopener noreferrer\">Obchodn\u00ed rejst\u0159\u00edk<\/a><br \/>\n<a href=\"http:\/\/www.centralniadresa.cz\/cadr\/\" target=\"_blank\" rel=\"noopener noreferrer\">Informa\u010dn\u00ed syst\u00e9m o ve\u0159ejn\u00fdch zak\u00e1zk\u00e1ch<\/a><br \/>\n<a href=\"http:\/\/adisreg.mfcr.cz\/cgi-bin\/adis\/idph\/int_dp_prij.cgi?ZPRAC=FDPHI1&amp;poc_dic=2\" target=\"_blank\" rel=\"noopener noreferrer\">Pl\u00e1tci DPH CZ<\/a><br \/>\n<a href=\"http:\/\/ec.europa.eu\/taxation_customs\/vies\/?locale=cs\" target=\"_blank\" rel=\"noopener noreferrer\">Pl\u00e1tci DPH EU<\/a><br \/>\n<a href=\"http:\/\/www.rzp.cz\/\" target=\"_blank\" rel=\"noopener noreferrer\">Rejst\u0159\u00edk \u017eivnostensk\u00e9ho podnik\u00e1n\u00ed<\/a><\/td>\n<\/tr>\n<\/tbody>\n<\/table>\n","protected":false},"excerpt":{"rendered":"<p>Da\u0148ov\u00e9 a \u00fa\u010detn\u00ed informace: \u00da\u010detn\u00ed reforma ve\u0159ejn\u00fdch financ\u00ed MF\u010cR \u00da\u010detnictv\u00ed MF\u010cR Legislativa v \u00fa\u010detnictv\u00ed MF\u010cR Metodick\u00e1 podpora MF\u010cR Finan\u010dn\u00ed spr\u00e1va Finan\u010dn\u00ed spr\u00e1va &#8211; DPH Dan\u011b MF\u010cR Formul\u00e1\u0159e ke sta\u017een\u00ed Ve\u0159ejn\u00e1 spr\u00e1va: \u00da\u0159ady a instituce Ve\u0159ejn\u00fd sektor MF\u010cR Finan\u010dn\u00ed kontrola \u2013 Metodick\u00e9 pokyny Finan\u010dn\u00ed zpravodaj MF\u010cR Legislativa MF\u010cR Zpr\u00e1vy MF\u010cR Cestovn\u00ed n\u00e1hrady MF\u010cR Plze\u0148sk\u00fd kraj Soci\u00e1ln\u00ed [&hellip;]<\/p>\n","protected":false},"author":1,"featured_media":0,"parent":0,"menu_order":0,"comment_status":"closed","ping_status":"open","template":"","meta":{"footnotes":""},"_links":{"self":[{"href":"https:\/\/akkeconomy.cz\/index.php?rest_route=\/wp\/v2\/pages\/30"}],"collection":[{"href":"https:\/\/akkeconomy.cz\/index.php?rest_route=\/wp\/v2\/pages"}],"about":[{"href":"https:\/\/akkeconomy.cz\/index.php?rest_route=\/wp\/v2\/types\/page"}],"author":[{"embeddable":true,"href":"https:\/\/akkeconomy.cz\/index.php?rest_route=\/wp\/v2\/users\/1"}],"replies":[{"embeddable":true,"href":"https:\/\/akkeconomy.cz\/index.php?rest_route=%2Fwp%2Fv2%2Fcomments&post=30"}],"version-history":[{"count":5,"href":"https:\/\/akkeconomy.cz\/index.php?rest_route=\/wp\/v2\/pages\/30\/revisions"}],"predecessor-version":[{"id":2027,"href":"https:\/\/akkeconomy.cz\/index.php?rest_route=\/wp\/v2\/pages\/30\/revisions\/2027"}],"wp:attachment":[{"href":"https:\/\/akkeconomy.cz\/index.php?rest_route=%2Fwp%2Fv2%2Fmedia&parent=30"}],"curies":[{"name":"wp","href":"https:\/\/api.w.org\/{rel}","templated":true}]}}