{"id":8,"date":"2013-09-23T10:01:59","date_gmt":"2013-09-23T10:01:59","guid":{"rendered":"http:\/\/akkeconomy.cz\/?page_id=8"},"modified":"2020-01-17T10:11:51","modified_gmt":"2020-01-17T10:11:51","slug":"uvod","status":"publish","type":"page","link":"https:\/\/akkeconomy.cz\/","title":{"rendered":"\u00davod"},"content":{"rendered":"<p style=\"text-align: center;\"><strong>\u00da\u010cTUJEME &#8211; RAD\u00cdME &#8211; KONTROLUJEME<\/strong><\/p>\n<p><b>Nev\u00edte jak vyplnit da\u0148ov\u00e9 p\u0159izn\u00e1n\u00ed dan\u011b z p\u0159\u00edjm\u016f pr\u00e1vnick\u00fdch osob? &nbsp;<\/b><\/p>\n<p><b>Tr\u00e1p\u00ed V\u00e1s DPH a kontroln\u00ed hl\u00e1\u0161en\u00ed u obc\u00ed a \u0161kol?<br \/>\n<\/b><\/p>\n<p><b>Nejste si jisti, jak rozpo\u010dtovat \u00fav\u011br a jeho spl\u00e1tky? <\/b><\/p>\n<p><b>Nev\u00edte jak za\u00fa\u010dtovat dotaci? <\/b><\/p>\n<p><b>Nebo pot\u0159ebujete jen zkontrolovat v\u00fdkazy?<\/b><\/p>\n<p style=\"text-align: justify;\">Na tyto a podobn\u00e9 ot\u00e1zky V\u00e1m odpov\u00edme a porad\u00edme V\u00e1m, jak takov\u00e9 probl\u00e9my \u0159e\u0161it.<\/p>\n<p style=\"text-align: justify;\">Na\u0161e spole\u010dnost se specializuje na obce a jimi z\u0159izovan\u00e9 p\u0159\u00edsp\u011bvkov\u00e9 organizace a nab\u00edz\u00ed celou \u0159adu slu\u017eeb t\u00fdkaj\u00edc\u00ed se dan\u00ed, \u00fa\u010detnictv\u00ed, rozpo\u010dt\u016f a s&nbsp;nimi souvisej\u00edc\u00edch z\u00e1le\u017eitost\u00ed. Poskytujeme nejen poradenstv\u00ed, a\u0165 u\u017e na m\u00edst\u011b nebo na d\u00e1lku, ale tak\u00e9 zpracov\u00e1v\u00e1me \u00fa\u010detnictv\u00ed obc\u00ed a \u0161kol, sestavujeme rozpo\u010dty, kontrolujeme \u010di p\u0159ipravujeme da\u0148ov\u00e1 p\u0159izn\u00e1n\u00ed na DPH, ale prov\u00e1d\u00edme tak\u00e9 kontrolu v\u00fdkazu FIN 2 \u2013 12M, rozvahy, v\u00fdsledovky \u010di p\u0159\u00edlohy p\u0159ed jejich odesl\u00e1n\u00edm.<\/p>\n<p>Vyzkou\u0161ejte na\u0161e slu\u017eby a uvid\u00edte, \u017ee bude spokojeni.<\/p>\n","protected":false},"excerpt":{"rendered":"<p>\u00da\u010cTUJEME &#8211; RAD\u00cdME &#8211; KONTROLUJEME Nev\u00edte jak vyplnit da\u0148ov\u00e9 p\u0159izn\u00e1n\u00ed dan\u011b z p\u0159\u00edjm\u016f pr\u00e1vnick\u00fdch osob? &nbsp; Tr\u00e1p\u00ed V\u00e1s DPH a kontroln\u00ed hl\u00e1\u0161en\u00ed u obc\u00ed a \u0161kol? Nejste si jisti, jak rozpo\u010dtovat \u00fav\u011br a jeho spl\u00e1tky? Nev\u00edte jak za\u00fa\u010dtovat dotaci? Nebo pot\u0159ebujete jen zkontrolovat v\u00fdkazy? Na tyto a podobn\u00e9 ot\u00e1zky V\u00e1m odpov\u00edme a porad\u00edme V\u00e1m, jak [&hellip;]<\/p>\n","protected":false},"author":1,"featured_media":0,"parent":0,"menu_order":0,"comment_status":"closed","ping_status":"open","template":"","meta":{"footnotes":""},"_links":{"self":[{"href":"https:\/\/akkeconomy.cz\/index.php?rest_route=\/wp\/v2\/pages\/8"}],"collection":[{"href":"https:\/\/akkeconomy.cz\/index.php?rest_route=\/wp\/v2\/pages"}],"about":[{"href":"https:\/\/akkeconomy.cz\/index.php?rest_route=\/wp\/v2\/types\/page"}],"author":[{"embeddable":true,"href":"https:\/\/akkeconomy.cz\/index.php?rest_route=\/wp\/v2\/users\/1"}],"replies":[{"embeddable":true,"href":"https:\/\/akkeconomy.cz\/index.php?rest_route=%2Fwp%2Fv2%2Fcomments&post=8"}],"version-history":[{"count":2,"href":"https:\/\/akkeconomy.cz\/index.php?rest_route=\/wp\/v2\/pages\/8\/revisions"}],"predecessor-version":[{"id":848,"href":"https:\/\/akkeconomy.cz\/index.php?rest_route=\/wp\/v2\/pages\/8\/revisions\/848"}],"wp:attachment":[{"href":"https:\/\/akkeconomy.cz\/index.php?rest_route=%2Fwp%2Fv2%2Fmedia&parent=8"}],"curies":[{"name":"wp","href":"https:\/\/api.w.org\/{rel}","templated":true}]}}